{"id":38,"date":"2018-10-30T16:28:46","date_gmt":"2018-10-30T16:28:46","guid":{"rendered":"http:\/\/sgi-stuttgart-vaihingen.de\/?page_id=38"},"modified":"2024-05-23T08:35:48","modified_gmt":"2024-05-23T08:35:48","slug":"offnungszeiten","status":"publish","type":"page","link":"http:\/\/sgi-stuttgart-vaihingen.de\/?page_id=38","title":{"rendered":"\u00d6ffnungszeiten"},"content":{"rendered":"\n<table id=\"tablepress-2\" class=\"tablepress tablepress-id-2\">\n<thead>\n<tr class=\"row-1 odd\">\n\t<th class=\"column-1\">Wochentag<\/th><th class=\"column-2\">Uhrzeit<\/th>\n<\/tr>\n<\/thead>\n<tbody class=\"row-hover\">\n<tr class=\"row-2 even\">\n\t<td class=\"column-1\">Dienstag<\/td><td class=\"column-2\">17-21 Uhr<\/td>\n<\/tr>\n<tr class=\"row-3 odd\">\n\t<td class=\"column-1\">Freitag<\/td><td class=\"column-2\">17-22 Uhr<\/td>\n<\/tr>\n<tr class=\"row-4 even\">\n\t<td class=\"column-1\">Samstag<\/td><td class=\"column-2\">12-16 Uhr<\/td>\n<\/tr>\n<\/tbody>\n<\/table>\n<!-- #tablepress-2 from cache -->\n<p>Schie\u00dfen f\u00fcr G\u00e4ste ohne eigene Waffe nur Freitags 17:00-21:00 und Samstags 12:00 &#8211; 15:00 Uhr m\u00f6glich.<\/p>\n<p>Bei mangelndem Besuch kann fr\u00fcher geschlossen werden.<\/p>\n\n\n<p><\/p>\n","protected":false},"excerpt":{"rendered":"<p>Schie\u00dfen f\u00fcr G\u00e4ste ohne eigene Waffe nur Freitags 17:00-21:00 und Samstags 12:00 &#8211; 15:00 Uhr m\u00f6glich. Bei mangelndem Besuch kann fr\u00fcher geschlossen werden.<\/p>\n","protected":false},"author":1,"featured_media":0,"parent":0,"menu_order":0,"comment_status":"closed","ping_status":"closed","template":"","meta":[],"_links":{"self":[{"href":"http:\/\/sgi-stuttgart-vaihingen.de\/index.php?rest_route=\/wp\/v2\/pages\/38"}],"collection":[{"href":"http:\/\/sgi-stuttgart-vaihingen.de\/index.php?rest_route=\/wp\/v2\/pages"}],"about":[{"href":"http:\/\/sgi-stuttgart-vaihingen.de\/index.php?rest_route=\/wp\/v2\/types\/page"}],"author":[{"embeddable":true,"href":"http:\/\/sgi-stuttgart-vaihingen.de\/index.php?rest_route=\/wp\/v2\/users\/1"}],"replies":[{"embeddable":true,"href":"http:\/\/sgi-stuttgart-vaihingen.de\/index.php?rest_route=%2Fwp%2Fv2%2Fcomments&post=38"}],"version-history":[{"count":17,"href":"http:\/\/sgi-stuttgart-vaihingen.de\/index.php?rest_route=\/wp\/v2\/pages\/38\/revisions"}],"predecessor-version":[{"id":469,"href":"http:\/\/sgi-stuttgart-vaihingen.de\/index.php?rest_route=\/wp\/v2\/pages\/38\/revisions\/469"}],"wp:attachment":[{"href":"http:\/\/sgi-stuttgart-vaihingen.de\/index.php?rest_route=%2Fwp%2Fv2%2Fmedia&parent=38"}],"curies":[{"name":"wp","href":"https:\/\/api.w.org\/{rel}","templated":true}]}}