{"id":13,"date":"2018-10-07T16:53:53","date_gmt":"2018-10-07T16:53:53","guid":{"rendered":"http:\/\/sgi-stuttgart-vaihingen.de\/?page_id=13"},"modified":"2026-03-13T14:46:05","modified_gmt":"2026-03-13T14:46:05","slug":"home","status":"publish","type":"page","link":"http:\/\/sgi-stuttgart-vaihingen.de\/?page_id=13","title":{"rendered":"Aktuelles"},"content":{"rendered":"\n<h2>Achtung!<\/h2>\n\n\n\n<p>13.03.2026<\/p>\n\n\n\n<p><strong>Heute ab 18:30 Uhr keine Ausgabe von Vereinswaffen oder Munition m\u00f6glich.<\/strong><\/p>\n\n\n\n<p>01.12.2025<\/p>\n\n\n\n<p><strong>Das<\/strong> <strong>Vereinsheim bleibt vom 22.12.2025 bis einschlie\u00dflich 06.01.2026 geschlossen<\/strong>.<\/p>\n\n\n\n<p>07.11.2025<\/p>\n\n\n\n<p><strong>Aufgrund Sanierung bleibt die 50m Bahn bis 19.11.2025 geschlossen. Betreten und Schie\u00dfbetrieb ist bis dahin nicht m\u00f6glich.<\/strong><\/p>\n\n\n\n<p><strong>UND<\/strong><\/p>\n\n\n\n<p>Am Freitag, den 21.11.2025 gibt es keine Waffenausgabe, somit ist auch das G\u00e4steschie\u00dfen nur beschr\u00e4nkt m\u00f6glich.<\/p>\n\n\n\n<p><\/p>\n\n\n\n<p>01.08.2025<\/p>\n\n\n\n<p><strong>Am Samstag, den 20.09.2025 kein Schie\u00dfbetrieb. <\/strong><\/p>\n\n\n\n<p><strong>An folgenden Samstagen ist aufgrund Vereinsmeisterschaften k<strong>ein Training oder G\u00e4steschie\u00dfen <\/strong>m\u00f6glich:  26.09., 04.10., 11.10., 18.10 und 25.10.<\/strong><\/p>\n\n\n\n<p><\/p>\n\n\n\n<p>09.07.2025<\/p>\n\n\n\n<p><strong>Am Samstag, den 19.07.2025 kein Schie\u00dfbetrieb. Aufbau Sommerfest!<\/strong><\/p>\n\n\n\n<p>01.04.2025<\/p>\n\n\n\n<p><strong>Am Samstag, den 26.04.2025 gibt es keine Ausgabe von Vereinswaffen und Munition.<\/strong><\/p>\n\n\n\n<p>04.03.2025<\/p>\n\n\n\n<p><strong>Aufgrund von Sanierungsarbeiten im Aussenbereich, kann es vom 04.03.-14.03.2025 zeitweise zu Einschr\u00e4nkungen beim Zugang ins Vereinshaus kommen.<\/strong><\/p>\n\n\n\n<p>11.02.2025<\/p>\n\n\n\n<p><strong>Am Samstag den 22.02.2025 gibt es keine Ausgabe von Vereinswaffen, somit auch kein G\u00e4steschie\u00dfen m\u00f6glich<\/strong>.<\/p>\n\n\n\n<p>08.01.2025<\/p>\n\n\n\n<p><strong>Am Samstag, den 18.01.2025 gibt es keine Ausgabe von Vereinswaffen und Munition<\/strong>.<\/p>\n\n\n\n<p>06.12.2024<\/p>\n\n\n\n<p><strong>Das Vereinsheim bleibt vom&nbsp;16.12.2024&nbsp;bis einschlie\u00dflich&nbsp;06.01.2025&nbsp;geschlossen.<\/strong><\/p>\n\n\n\n<p>15.09.2024<\/p>\n\n\n\n<p><strong>An folgenden Samstagen ist aufgrund Vereinsmeisterschaften k<strong>ein Training oder G\u00e4steschie\u00dfen <\/strong>m\u00f6glich:  28.09., 05.10., 12.10.,19.10 und 26.10.<\/strong><\/p>\n\n\n\n<p>23.05.2024<\/p>\n\n\n\n<p><strong>Am Samstag, den 01.06.2024 ist die 25m Bahn f\u00fcr KK-Speed reserviert, somit kein Training oder G\u00e4steschie\u00dfen m\u00f6glich! <\/strong><\/p>\n\n\n\n<p>22.05.2024<\/p>\n\n\n\n<p>Am Samstag, den 25.05.2024 gibt es keine Ausgabe von Vereinswaffen.<\/p>\n\n\n\n<p><\/p>\n\n\n\n<p>23.01.2024<\/p>\n\n\n\n<p>Nur f\u00fcr Vereinsmitglieder und deren Angeh\u00f6rige: <br>Faschingsschie\u00dfen am 17.02.2024 ab 16 Uhr. <br>Detailinformationen und verbindliche Anmeldung (bis 10.02.2024) siehe Link:  <a rel=\"noreferrer noopener\" href=\"https:\/\/nuudel.digitalcourage.de\/ksBz7CuVEjChmZGQ\" target=\"_blank\">https:\/\/nuudel.digitalcourage.de\/ksBz7CuVEjChmZGQ<\/a> . <\/p>\n\n\n\n<p><\/p>\n\n\n\n<p><\/p>\n\n\n\n<p>24.11.2023<\/p>\n\n\n\n<p>Das Vereinsheim bleibt vom 17.12.2023 bis 07.01.2024 geschlossen.<\/p>\n\n\n\n<p>Das Jahrespokalschie\u00dfen am 03.12.2023 wird abgesagt!<\/p>\n\n\n\n<p>08.09.2023 <\/p>\n\n\n\n<p>Das Vereinsheim bleibt am Samstag den 16.09. geschlossen!<\/p>\n\n\n\n<p>Arbeitsdienst 16.09. wird verschoben, neuer Termin folgt.<\/p>\n\n\n\n<p>27.05.2023<\/p>\n\n\n\n<p><strong>KK-Speed am 03.06.2023 wird abgesagt<\/strong>.<\/p>\n\n\n\n<p>26.05.2023<\/p>\n\n\n\n<p><strong>Das Vereinsheim ist am Samstag, den 17.06.2023 geschlossen! Arbeitsdienst. <\/strong><\/p>\n\n\n\n<p><\/p>\n\n\n<p style=\"text-align: center;\">Termine 2023 sind online!<\/p>\n\n<table id=\"tablepress-1\" class=\"tablepress tablepress-id-1\">\n<thead>\n<tr class=\"row-1 odd\">\n\t<th class=\"column-1\">Termine Sch\u00fctzengilde 2026<\/th><th class=\"column-2\">Datum<\/th><th class=\"column-3\">Uhrzeit<\/th>\n<\/tr>\n<\/thead>\n<tbody class=\"row-hover\">\n<tr class=\"row-2 even\">\n\t<td class=\"column-1\">Ostereierschiessen<\/td><td class=\"column-2\">17.03.+ 20.03. und 24.03.2026<\/td><td class=\"column-3\">17:00 - 19:00<\/td>\n<\/tr>\n<tr class=\"row-3 odd\">\n\t<td class=\"column-1\">Jahreshauptversammlung<\/td><td class=\"column-2\">19.04.2026<\/td><td class=\"column-3\">10:00<\/td>\n<\/tr>\n<tr class=\"row-4 even\">\n\t<td class=\"column-1\">Arbeitsdienst<br \/>\n-> Kein Schie\u00dfbetrieb<\/td><td class=\"column-2\">11.04.2026<\/td><td class=\"column-3\">09:30 -16:00<\/td>\n<\/tr>\n<tr class=\"row-5 odd\">\n\t<td class=\"column-1\">K\u00f6nigsschiessen<\/td><td class=\"column-2\">14.05.2026<\/td><td class=\"column-3\">11:00 - 16:00<\/td>\n<\/tr>\n<tr class=\"row-6 even\">\n\t<td class=\"column-1\">KK-Speed<\/td><td class=\"column-2\">13.06.2026<\/td><td class=\"column-3\">12:00<\/td>\n<\/tr>\n<tr class=\"row-7 odd\">\n\t<td class=\"column-1\">Stadtpokal<\/td><td class=\"column-2\">04.+05.+11. und 12.07.2026<\/td><td class=\"column-3\">12:00 -15:00<\/td>\n<\/tr>\n<tr class=\"row-8 even\">\n\t<td class=\"column-1\">Sommerfest -100 j\u00e4hriges Jubil\u00e4um-<\/td><td class=\"column-2\">18. + 19.07.2026<\/td><td class=\"column-3\">11:00 18:00<\/td>\n<\/tr>\n<tr class=\"row-9 odd\">\n\t<td class=\"column-1\">GK-Speed<\/td><td class=\"column-2\">25.07.2026<\/td><td class=\"column-3\">12:00<\/td>\n<\/tr>\n<tr class=\"row-10 even\">\n\t<td class=\"column-1\">Sommerferienprogramm<\/td><td class=\"column-2\">05.08. + 09.09.2026<\/td><td class=\"column-3\"><\/td>\n<\/tr>\n<tr class=\"row-11 odd\">\n\t<td class=\"column-1\">Arbeitsdienst<br \/>\n-> Kein Schie\u00dfbetrieb<\/td><td class=\"column-2\">19.09.2026<\/td><td class=\"column-3\">09:30 - 16:00<\/td>\n<\/tr>\n<tr class=\"row-12 even\">\n\t<td class=\"column-1\">Vereinsmeisterschaft <br \/>\n-> Kein Training oder G\u00e4steschie\u00dfen<\/td><td class=\"column-2\">26.09. - 25.10.2026<\/td><td class=\"column-3\">siehe Ausschreibung\/<br \/>\nAushang im Verein<\/td>\n<\/tr>\n<tr class=\"row-13 odd\">\n\t<td class=\"column-1\">Jahresabschlussfeier<\/td><td class=\"column-2\">20.12.2026<\/td><td class=\"column-3\">10:00 - 13:00<\/td>\n<\/tr>\n<\/tbody>\n<\/table>\n<!-- #tablepress-1 from cache -->","protected":false},"excerpt":{"rendered":"<p>Achtung! 13.03.2026 Heute ab 18:30 Uhr keine Ausgabe von Vereinswaffen oder Munition m\u00f6glich. 01.12.2025 Das Vereinsheim bleibt vom 22.12.2025 bis einschlie\u00dflich 06.01.2026 geschlossen. 07.11.2025 Aufgrund Sanierung bleibt die 50m Bahn<a href=\"http:\/\/sgi-stuttgart-vaihingen.de\/?page_id=13\" class=\"more-link\"><span class=\"more-button\">Continue reading<span class=\"screen-reader-text\">Aktuelles<\/span><\/span><\/a><\/p>\n","protected":false},"author":1,"featured_media":0,"parent":0,"menu_order":0,"comment_status":"closed","ping_status":"closed","template":"","meta":[],"_links":{"self":[{"href":"http:\/\/sgi-stuttgart-vaihingen.de\/index.php?rest_route=\/wp\/v2\/pages\/13"}],"collection":[{"href":"http:\/\/sgi-stuttgart-vaihingen.de\/index.php?rest_route=\/wp\/v2\/pages"}],"about":[{"href":"http:\/\/sgi-stuttgart-vaihingen.de\/index.php?rest_route=\/wp\/v2\/types\/page"}],"author":[{"embeddable":true,"href":"http:\/\/sgi-stuttgart-vaihingen.de\/index.php?rest_route=\/wp\/v2\/users\/1"}],"replies":[{"embeddable":true,"href":"http:\/\/sgi-stuttgart-vaihingen.de\/index.php?rest_route=%2Fwp%2Fv2%2Fcomments&post=13"}],"version-history":[{"count":44,"href":"http:\/\/sgi-stuttgart-vaihingen.de\/index.php?rest_route=\/wp\/v2\/pages\/13\/revisions"}],"predecessor-version":[{"id":558,"href":"http:\/\/sgi-stuttgart-vaihingen.de\/index.php?rest_route=\/wp\/v2\/pages\/13\/revisions\/558"}],"wp:attachment":[{"href":"http:\/\/sgi-stuttgart-vaihingen.de\/index.php?rest_route=%2Fwp%2Fv2%2Fmedia&parent=13"}],"curies":[{"name":"wp","href":"https:\/\/api.w.org\/{rel}","templated":true}]}}